{"id":56,"date":"2014-10-24T10:00:34","date_gmt":"2014-10-24T14:00:34","guid":{"rendered":"http:\/\/guarainag.gob.ec\/azuay\/?page_id=56"},"modified":"2015-03-27T17:16:01","modified_gmt":"2015-03-27T21:16:01","slug":"documentos-2014-2015","status":"publish","type":"page","link":"https:\/\/guarainag.gob.ec\/azuay\/documentos-2014-2015\/","title":{"rendered":"Documentos 2014"},"content":{"rendered":"<p style=\"text-align: justify;\"><strong>Art. 7.- Difusi\u00f3n de la Informaci\u00f3n P\u00fablica.-<\/strong><\/p>\n<p style=\"text-align: justify;\">Por la transparencia en la gesti\u00f3n administrativa que est\u00e1n obligadas a observar todas las instituciones del Estado que conforman el sector p\u00fablico en los t\u00e9rminos del art\u00edculo 118 de la Constituci\u00f3n Pol\u00edtica de la Rep\u00fablica y dem\u00e1s entes se\u00f1alados en el art\u00edculo 1 de la presente Ley, difundir\u00e1n a trav\u00e9s de un portal de informaci\u00f3n o p\u00e1gina web, as\u00ed como de los medios necesarios a disposici\u00f3n del p\u00fablico, implementados en la misma instituci\u00f3n, la siguiente informaci\u00f3n m\u00ednima actualizada, que para efectos de esta Ley se la considera de naturaleza obligatoria:<\/p>\n<p style=\"text-align: justify;\"><strong>FORMATOS LOTAIP<\/strong><\/p>\n<p style=\"text-align: justify;\"><strong>a) Organizaci\u00f3n Interna<\/strong><\/p>\n<ul>\n<li style=\"text-align: justify;\"><em>Estrucura Org\u00e1nica Funcional.<\/em><\/li>\n<\/ul>\n<p style=\"text-align: justify;\"><a href=\"http:\/\/guarainag.gob.ec\/azuay\/wp-content\/uploads\/2014\/10\/Organigrama.png\"><img loading=\"lazy\" decoding=\"async\" class=\"alignnone size-medium wp-image-186\" src=\"http:\/\/guarainag.gob.ec\/azuay\/wp-content\/uploads\/2014\/10\/Organigrama-300x192.png\" alt=\"Organigrama\" width=\"300\" height=\"192\" data-id=\"186\" srcset=\"https:\/\/guarainag.gob.ec\/azuay\/wp-content\/uploads\/2014\/10\/Organigrama-300x192.png 300w, https:\/\/guarainag.gob.ec\/azuay\/wp-content\/uploads\/2014\/10\/Organigrama.png 700w\" sizes=\"auto, (max-width: 300px) 100vw, 300px\" \/><\/a><\/p>\n<p style=\"text-align: justify;\">Base legal que la rige, regulaciones y procedimientos internos aplicables a la entidad.<br \/>\nMetas y Objetivos de las unidades administrativas de conformidad con sus programas operativo<\/p>\n<p style=\"text-align: justify;\"><strong>b) Directorio<\/strong><\/p>\n<p style=\"text-align: justify;\"><em>Conozca al personal que se encuentra al servicio de la colectividad.<\/em><\/p>\n<p style=\"text-align: justify;\"><a href=\"http:\/\/guarainag.gob.ec\/azuay\/wp-content\/uploads\/2014\/10\/DIRECTORIO.docx\">DIRECTORIO<\/a><\/p>\n<p style=\"text-align: justify;\"><strong>c) Remuneraciones<\/strong><\/p>\n<p style=\"text-align: justify;\"><em>Remuneraci\u00f3n mensual de presidente, vocales, secretaria, auxiliar de servicios generales.<\/em><\/p>\n<p style=\"text-align: justify;\"><a href=\"http:\/\/guarainag.gob.ec\/azuay\/wp-content\/uploads\/2014\/10\/Distributivo-de-Sueldos.xlsx\">Distributivo de Sueldos<\/a><\/p>\n<p><strong>d) Servicios<\/strong><\/p>\n<p><em>El Gobierno Autonomo Descentralizado Parroquial de Guarainag, lo atiendiende en su oficina ubicada en el Centro Parroquial de Guarainag<\/em><\/p>\n<p><em><strong> Calle:<\/strong> Sim\u00f3n Bol\u00edvar s\/n y Juan Jos\u00e9 L\u00f3pez, <\/em><\/p>\n<p><em><strong>Horario<\/strong>: Lunes\u00a0 a Viernes de 08:00 &#8211; 13:00 y de 14:00-17:00<\/em><\/p>\n<p>&nbsp;<\/p>\n<p style=\"text-align: justify;\"><strong>e) Contratos Colectivos<\/strong><\/p>\n<p style=\"text-align: justify;\"><em>No se dispone de contratos colectivos<\/em><\/p>\n<p><strong>f) Formularios para Tr\u00e1mites<\/strong><\/p>\n<ol>\n<li><strong><em>Arrendamientos de Bodevas en el Cementerio Parroquial <\/em><\/strong><\/li>\n<\/ol>\n<p><strong>Modelo de Solicitud:<\/strong> <a href=\"http:\/\/guarainag.gob.ec\/azuay\/wp-content\/uploads\/2014\/10\/SOLICITUD-DE-BOVEDA-2.docx.pdf\">SOLICITUD DE BOVEDA 2.doc<\/a><\/p>\n<p><strong>Requisitos:<\/strong><\/p>\n<ul>\n<li><em>Copia de Cedula de Identidad del Solicitante, <\/em><\/li>\n<li><em>Copia de la Cedula de Identidad del Fallecido, <\/em><\/li>\n<li><em>Acta de Defunsi\u00f3n, <\/em><\/li>\n<li><em>Solicitud de Arrendamiento de B\u00f3veda. <\/em><\/li>\n<li><em>Valor: 50% del Salario B\u00e1sico Unificado Vigentes, m\u00e1s IVA.<\/em><\/li>\n<\/ul>\n<p>&nbsp;<\/p>\n<p style=\"text-align: justify;\"><strong>g) Presupuesto Anual<\/strong><\/p>\n<p style=\"text-align: justify;\"><em>Estados financieros del GAD correspondientes al periodo 2014.<\/em><\/p>\n<p style=\"text-align: justify;\"><a href=\"http:\/\/guarainag.gob.ec\/azuay\/wp-content\/uploads\/2014\/10\/Balance-comprobacion-2014.pdf\">Balance comprobacion 2014<\/a><\/p>\n<p style=\"text-align: justify;\"><a href=\"http:\/\/guarainag.gob.ec\/azuay\/wp-content\/uploads\/2014\/10\/Cedula-gastos-2014.pdf\">Cedula gastos 2014<\/a> <a href=\"http:\/\/guarainag.gob.ec\/azuay\/wp-content\/uploads\/2014\/10\/Cedula-ingresos-20141.pdf\">Cedula ingresos 2014<\/a><\/p>\n<p style=\"text-align: justify;\"><a href=\"http:\/\/guarainag.gob.ec\/azuay\/wp-content\/uploads\/2014\/10\/Ejecucion-presupuestaria-2014.pdf\">Ejecucion presupuestaria 2014<\/a><\/p>\n<p style=\"text-align: justify;\"><a href=\"http:\/\/guarainag.gob.ec\/azuay\/wp-content\/uploads\/2014\/10\/Estado-Resultados-20141.pdf\">Estado Resultados 2014<\/a><\/p>\n<p style=\"text-align: justify;\"><a href=\"http:\/\/guarainag.gob.ec\/azuay\/wp-content\/uploads\/2014\/10\/Flujo-efectivo-2014.pdf\">Flujo efectivo 2014<\/a><\/p>\n<p style=\"text-align: justify;\"><a href=\"http:\/\/guarainag.gob.ec\/azuay\/wp-content\/uploads\/2014\/10\/Situacion-financiera-2014.pdf\">Situacion financiera 2014<\/a><\/p>\n<p style=\"text-align: justify;\"><strong>h) Auditorias Internas<\/strong><br \/>\nLos resultados de las auditorias internas y gubernamentales al ejercicio presupuestal.<\/p>\n<p style=\"text-align: justify;\"><strong>i) Procesos de Contrataci\u00f3n<\/strong><br \/>\nInformaci\u00f3n completa y detallada sobre los procesos pree-contractuales, contractuales, de adjudicaci\u00f3n y liquidaci\u00f3n de bienes, prestaci\u00f3n de servicios, arrendamientos mercantiles, etc, celebrados por la instituci\u00f3n con personas naturales o jur\u00eddicas, incluidos concesiones permisos o autorizaciones.<\/p>\n<p style=\"text-align: justify;\"><a href=\"http:\/\/guarainag.gob.ec\/azuay\/wp-content\/uploads\/2015\/03\/sercop.jpg\"><img loading=\"lazy\" decoding=\"async\" class=\"alignnone size-medium wp-image-179\" src=\"http:\/\/guarainag.gob.ec\/azuay\/wp-content\/uploads\/2015\/03\/sercop-217x300.jpg\" alt=\"sercop\" width=\"217\" height=\"300\" data-id=\"179\" srcset=\"https:\/\/guarainag.gob.ec\/azuay\/wp-content\/uploads\/2015\/03\/sercop-217x300.jpg 217w, https:\/\/guarainag.gob.ec\/azuay\/wp-content\/uploads\/2015\/03\/sercop.jpg 508w\" sizes=\"auto, (max-width: 217px) 100vw, 217px\" \/><\/a><\/p>\n<p style=\"text-align: justify;\"><strong>j) Incumplimientos<\/strong><\/p>\n<p style=\"text-align: justify;\"><em>Los contratos se han cumplido con normalidad.<\/em><\/p>\n<p style=\"text-align: justify;\"><strong>k) Planes y Programas<\/strong><\/p>\n<p style=\"text-align: justify;\">Planes y Programas de la Instituci\u00f3n en ejecuci\u00f3n.<\/p>\n<ul>\n<li style=\"text-align: justify;\"><strong><em>POA 2014<\/em><\/strong><br \/>\n<a href=\"http:\/\/guarainag.gob.ec\/azuay\/wp-content\/uploads\/2015\/03\/poa-2014.jpg\"><img loading=\"lazy\" decoding=\"async\" class=\"alignnone  wp-image-181\" src=\"http:\/\/guarainag.gob.ec\/azuay\/wp-content\/uploads\/2015\/03\/poa-2014-217x300.jpg\" alt=\"poa 2014\" width=\"217\" height=\"300\" data-id=\"181\" srcset=\"https:\/\/guarainag.gob.ec\/azuay\/wp-content\/uploads\/2015\/03\/poa-2014-217x300.jpg 217w, https:\/\/guarainag.gob.ec\/azuay\/wp-content\/uploads\/2015\/03\/poa-2014.jpg 508w\" sizes=\"auto, (max-width: 217px) 100vw, 217px\" \/><\/a><\/li>\n<\/ul>\n<p style=\"text-align: justify;\"><strong>l) Financiamiento Interno y Externo<\/strong><br \/>\nEl detalle de los contratos de cr\u00e9dito externos o internos; se se\u00f1alar\u00e1 la fuente de los fondos con los que se pagar\u00e1n esos cr\u00e9ditos. Cuando se trate de prestamos o \u00a0contratos de financiamiento, se har\u00e1 constar, como lo prev\u00e9 la Ley Org\u00e1nica de Administraci\u00f3n Financiera y Control, Ley Org\u00e1nica de Contralor\u00eda General del Estado y la Ley Org\u00e1nica de Responsabilidad y Transparencia Fiscal, las operaciones y contratos de Cr\u00e9dito, los montos, plazo, costos financieros o tipos de inter\u00e9s.<\/p>\n<p style=\"text-align: justify;\"><strong>m) Rendici\u00f3n de Cuentas<\/strong><br \/>\nMecanismos de rendici\u00f3n de cuentas a la ciudadan\u00eda, tales como metas e informes de gesti\u00f2n e indicadores de desempe\u00f1o.<\/p>\n<ul>\n<li style=\"text-align: justify;\"><em>Presentacion en Power Point del informe de rendici\u00f3n<\/em> de cuentas: <a href=\"http:\/\/guarainag.gob.ec\/azuay\/wp-content\/uploads\/2014\/10\/RENDICION-DE-CUENTAS-2014.pptx\">RENDICION DE CUENTAS 2014<\/a><\/li>\n<li style=\"text-align: justify;\"><em>Registro de asistentes:<\/em> <a href=\"http:\/\/guarainag.gob.ec\/azuay\/wp-content\/uploads\/2014\/10\/firmas-de-asistencia.pdf\">firmas de asistencia<\/a><\/li>\n<li style=\"text-align: justify;\"><em>Fotografias:<\/em><\/li>\n<\/ul>\n<ul>\n<li style=\"text-align: justify;\"><a href=\"http:\/\/guarainag.gob.ec\/azuay\/wp-content\/uploads\/2014\/10\/rend-6.jpg\"><img loading=\"lazy\" decoding=\"async\" class=\"alignnone size-medium wp-image-195\" src=\"http:\/\/guarainag.gob.ec\/azuay\/wp-content\/uploads\/2014\/10\/rend-6-214x300.jpg\" alt=\"rend 6\" width=\"214\" height=\"300\" data-id=\"195\" srcset=\"https:\/\/guarainag.gob.ec\/azuay\/wp-content\/uploads\/2014\/10\/rend-6-214x300.jpg 214w, https:\/\/guarainag.gob.ec\/azuay\/wp-content\/uploads\/2014\/10\/rend-6.jpg 320w\" sizes=\"auto, (max-width: 214px) 100vw, 214px\" \/><\/a><\/li>\n<\/ul>\n<p><a href=\"http:\/\/guarainag.gob.ec\/azuay\/wp-content\/uploads\/2014\/10\/rend-5.jpg\"><img loading=\"lazy\" decoding=\"async\" class=\"alignnone size-medium wp-image-194\" src=\"http:\/\/guarainag.gob.ec\/azuay\/wp-content\/uploads\/2014\/10\/rend-5-300x225.jpg\" alt=\"rend 5\" width=\"300\" height=\"225\" data-id=\"194\" srcset=\"https:\/\/guarainag.gob.ec\/azuay\/wp-content\/uploads\/2014\/10\/rend-5-300x225.jpg 300w, https:\/\/guarainag.gob.ec\/azuay\/wp-content\/uploads\/2014\/10\/rend-5.jpg 700w\" sizes=\"auto, (max-width: 300px) 100vw, 300px\" \/><\/a><a href=\"http:\/\/guarainag.gob.ec\/azuay\/wp-content\/uploads\/2014\/10\/rend-3.jpg\"><img loading=\"lazy\" decoding=\"async\" class=\"alignnone size-medium wp-image-192\" src=\"http:\/\/guarainag.gob.ec\/azuay\/wp-content\/uploads\/2014\/10\/rend-3-300x225.jpg\" alt=\"rend 3\" width=\"300\" height=\"225\" data-id=\"192\" srcset=\"https:\/\/guarainag.gob.ec\/azuay\/wp-content\/uploads\/2014\/10\/rend-3-300x225.jpg 300w, https:\/\/guarainag.gob.ec\/azuay\/wp-content\/uploads\/2014\/10\/rend-3.jpg 700w\" sizes=\"auto, (max-width: 300px) 100vw, 300px\" \/><\/a><a href=\"http:\/\/guarainag.gob.ec\/azuay\/wp-content\/uploads\/2014\/10\/rend-4.jpg\"><img loading=\"lazy\" decoding=\"async\" class=\"alignnone size-medium wp-image-193\" src=\"http:\/\/guarainag.gob.ec\/azuay\/wp-content\/uploads\/2014\/10\/rend-4-300x225.jpg\" alt=\"rend 4\" width=\"300\" height=\"225\" data-id=\"193\" srcset=\"https:\/\/guarainag.gob.ec\/azuay\/wp-content\/uploads\/2014\/10\/rend-4-300x225.jpg 300w, https:\/\/guarainag.gob.ec\/azuay\/wp-content\/uploads\/2014\/10\/rend-4.jpg 700w\" sizes=\"auto, (max-width: 300px) 100vw, 300px\" \/><\/a><a href=\"http:\/\/guarainag.gob.ec\/azuay\/wp-content\/uploads\/2014\/10\/rend-2.jpg\"><img loading=\"lazy\" decoding=\"async\" class=\"alignnone size-medium wp-image-191\" src=\"http:\/\/guarainag.gob.ec\/azuay\/wp-content\/uploads\/2014\/10\/rend-2-300x225.jpg\" alt=\"rend 2\" width=\"300\" height=\"225\" data-id=\"191\" srcset=\"https:\/\/guarainag.gob.ec\/azuay\/wp-content\/uploads\/2014\/10\/rend-2-300x225.jpg 300w, https:\/\/guarainag.gob.ec\/azuay\/wp-content\/uploads\/2014\/10\/rend-2.jpg 700w\" sizes=\"auto, (max-width: 300px) 100vw, 300px\" \/><\/a><a href=\"http:\/\/guarainag.gob.ec\/azuay\/wp-content\/uploads\/2014\/10\/Rend-1.jpg\"><img loading=\"lazy\" decoding=\"async\" class=\"alignnone size-medium wp-image-190\" src=\"http:\/\/guarainag.gob.ec\/azuay\/wp-content\/uploads\/2014\/10\/Rend-1-300x225.jpg\" alt=\"Rend 1\" width=\"300\" height=\"225\" data-id=\"190\" srcset=\"https:\/\/guarainag.gob.ec\/azuay\/wp-content\/uploads\/2014\/10\/Rend-1-300x225.jpg 300w, https:\/\/guarainag.gob.ec\/azuay\/wp-content\/uploads\/2014\/10\/Rend-1.jpg 700w\" sizes=\"auto, (max-width: 300px) 100vw, 300px\" \/><\/a><\/p>\n<p style=\"text-align: justify;\"><strong>n) Gesti\u00f3n Institucional<\/strong><br \/>\nLos vi\u00e1ticos, informes de trabajo y justificativos de movilizaci\u00f3n nacional o internacional \u00a0de las autoridades, dignatarios y funcionarios p\u00f9blicos.<\/p>\n<ul>\n<li style=\"text-align: justify;\"><strong><em>Informe Secretaria &#8211; Tesorera<\/em><\/strong><\/li>\n<\/ul>\n<p style=\"text-align: justify;\"><a href=\"http:\/\/guarainag.gob.ec\/azuay\/wp-content\/uploads\/2015\/03\/Viaticos.jpg\"><img loading=\"lazy\" decoding=\"async\" class=\"alignnone size-medium wp-image-183\" src=\"http:\/\/guarainag.gob.ec\/azuay\/wp-content\/uploads\/2015\/03\/Viaticos-217x300.jpg\" alt=\"Viaticos\" width=\"217\" height=\"300\" data-id=\"183\" srcset=\"https:\/\/guarainag.gob.ec\/azuay\/wp-content\/uploads\/2015\/03\/Viaticos-217x300.jpg 217w, https:\/\/guarainag.gob.ec\/azuay\/wp-content\/uploads\/2015\/03\/Viaticos.jpg 508w\" sizes=\"auto, (max-width: 217px) 100vw, 217px\" \/><\/a><\/p>\n<p style=\"text-align: justify;\"><strong>o) Responsable de la Informaci\u00f3n<\/strong><\/p>\n<ul>\n<li style=\"text-align: justify;\"><em><strong>Responsable:<\/strong> Srta. Tr\u00e1nsito Roc\u00edo C\u00e1rdenas S\u00e1nchez<\/em><\/li>\n<li style=\"text-align: justify;\"><em><strong>Direccri\u00f3n:<\/strong> Oficina: Sim\u00f3n Bolivar s\/n y Juan Jos\u00e9 L\u00f3pez.\u00a0 Domicilio: Guarainag, Sector: Selel. <\/em><\/li>\n<li style=\"text-align: justify;\"><em><strong>Correo:<\/strong> gadpg@hotmail.com<\/em><\/li>\n<li style=\"text-align: justify;\"><em><strong>Tel\u00e9fono:<\/strong> 07 2254041 &#8211; 0998610453<\/em><\/li>\n<\/ul>\n<p style=\"text-align: justify;\"><strong>s) Organismos Seccionales<\/strong><br \/>\nLos organismos seccionales, informar\u00e1n oportunamente a la ciudadan\u00eca de las resoluciones que adoptaren, mediante la publicaci\u00f3n de las actas de las respectivas sesiones de estos cuerpos colegiados, as\u00ed como sus planes de desarrollo local<\/p>\n","protected":false},"excerpt":{"rendered":"<p>Art. 7.- Difusi\u00f3n de la Informaci\u00f3n P\u00fablica.- Por la transparencia en la gesti\u00f3n administrativa que est\u00e1n obligadas a observar todas las instituciones del Estado que conforman el sector p\u00fablico en los t\u00e9rminos del art\u00edculo 118 de la Constituci\u00f3n Pol\u00edtica de la Rep\u00fablica y dem\u00e1s entes se\u00f1alados en el art\u00edculo 1 de la presente Ley, difundir\u00e1n [&hellip;]<\/p>\n","protected":false},"author":8,"featured_media":0,"parent":0,"menu_order":0,"comment_status":"closed","ping_status":"closed","template":"","meta":{"footnotes":""},"yst_prominent_words":[],"class_list":["post-56","page","type-page","status-publish","hentry"],"_links":{"self":[{"href":"https:\/\/guarainag.gob.ec\/azuay\/wp-json\/wp\/v2\/pages\/56","targetHints":{"allow":["GET"]}}],"collection":[{"href":"https:\/\/guarainag.gob.ec\/azuay\/wp-json\/wp\/v2\/pages"}],"about":[{"href":"https:\/\/guarainag.gob.ec\/azuay\/wp-json\/wp\/v2\/types\/page"}],"author":[{"embeddable":true,"href":"https:\/\/guarainag.gob.ec\/azuay\/wp-json\/wp\/v2\/users\/8"}],"replies":[{"embeddable":true,"href":"https:\/\/guarainag.gob.ec\/azuay\/wp-json\/wp\/v2\/comments?post=56"}],"version-history":[{"count":22,"href":"https:\/\/guarainag.gob.ec\/azuay\/wp-json\/wp\/v2\/pages\/56\/revisions"}],"predecessor-version":[{"id":196,"href":"https:\/\/guarainag.gob.ec\/azuay\/wp-json\/wp\/v2\/pages\/56\/revisions\/196"}],"wp:attachment":[{"href":"https:\/\/guarainag.gob.ec\/azuay\/wp-json\/wp\/v2\/media?parent=56"}],"wp:term":[{"taxonomy":"yst_prominent_words","embeddable":true,"href":"https:\/\/guarainag.gob.ec\/azuay\/wp-json\/wp\/v2\/yst_prominent_words?post=56"}],"curies":[{"name":"wp","href":"https:\/\/api.w.org\/{rel}","templated":true}]}}