{"id":522,"date":"2017-01-30T20:40:51","date_gmt":"2017-01-31T00:40:51","guid":{"rendered":"http:\/\/guarainag.gob.ec\/azuay\/?page_id=522"},"modified":"2018-04-13T15:56:31","modified_gmt":"2018-04-13T19:56:31","slug":"rendicion-de-cuentas-2017","status":"publish","type":"page","link":"https:\/\/guarainag.gob.ec\/azuay\/rendicion-de-cuentas-2017\/","title":{"rendered":"Rendici\u00f3n de Cuentas 2017"},"content":{"rendered":"<hr \/>\n<h1 style=\"text-align: center;\">PROCESO DE RENDICI\u00d3N DE CUENTAS DEL GAD PARROQUIAL DE GUARAINAG<\/h1>\n<h1 style=\"text-align: center;\">A\u00d1O 2017<\/h1>\n<hr \/>\n<p>En cumplimiento de las disposiciones legales, el GAD Parroquial de Guarainag, rinde cuentas de la gesti\u00f3n desarrollada durante el a\u00f1o 2017.<\/p>\n<p>Fecha Asamblea de Rendici\u00f3n de Cuentas: 27 de marzo de 2018<\/p>\n<p>Detallamos a continuaci\u00f3n cada una de las fases correspondientes al Proceso de Rendici\u00f3n de Cuentas:<\/p>\n<hr \/>\n<h2>Primera Fase<\/h2>\n<p><a href=\"http:\/\/guarainag.gob.ec\/azuay\/wp-content\/uploads\/2017\/01\/Resolucion-Proceso.pdf\">Resolucion Proceso de Rendici\u00f3n de Cuentas<\/a><\/p>\n<p><a href=\"http:\/\/guarainag.gob.ec\/azuay\/wp-content\/uploads\/2017\/01\/Mapa-de-actores.pdf\">Mapa de actores<\/a><\/p>\n<p><a href=\"http:\/\/guarainag.gob.ec\/azuay\/wp-content\/uploads\/2017\/01\/1ra-convocatoria.pdf\">Convocatoria Actores Sociales<\/a><\/p>\n<p><a href=\"http:\/\/guarainag.gob.ec\/azuay\/wp-content\/uploads\/2017\/01\/Equipo-Mixto-Asamblea1.pdf\">Acta Conformaci\u00f3n Equipo Mixto y Registro Asistencia<\/a><\/p>\n<hr \/>\n<h2>Segunda Fase<\/h2>\n<p><a href=\"http:\/\/guarainag.gob.ec\/azuay\/wp-content\/uploads\/2017\/01\/Entrega-de-Matriz.pdf\">Entrega Matriz Ciudadana<\/a><\/p>\n<p><a href=\"http:\/\/guarainag.gob.ec\/azuay\/wp-content\/uploads\/2017\/01\/Respuesta-a-Consulta-ciudadana.pdf\">Respuesta a Consulta ciudadana<\/a><\/p>\n<hr \/>\n<h2>Tercera Fase<\/h2>\n<p><a href=\"http:\/\/guarainag.gob.ec\/azuay\/wp-content\/uploads\/2017\/01\/INVITACION-A-ASAMBLEA.pdf\">INVITACION A ASAMBLEA<\/a><\/p>\n<p><a href=\"http:\/\/guarainag.gob.ec\/azuay\/wp-content\/uploads\/2017\/01\/INFORME-DE-RENDICI\u00d3N-DE-CUENTAS-2017.pdf\">INFORME DE RENDICI\u00d3N DE CUENTAS 2017<\/a><\/p>\n<p><a href=\"http:\/\/guarainag.gob.ec\/azuay\/wp-content\/uploads\/2017\/01\/ASISTENCIA-A-ASAMBLEA.pdf\">ASISTENCIA 1era CONVOCATORIA<\/a><\/p>\n<p><a href=\"http:\/\/guarainag.gob.ec\/azuay\/wp-content\/uploads\/2017\/01\/OFICIO-PLAN-DE-TRABAJO.pdf\">OFICIO PLAN DE TRABAJO<\/a><\/p>\n<hr \/>\n<hr \/>\n<hr \/>\n<hr \/>\n<h4><strong><em>Anexo Fotogr\u00e1fico<\/em><\/strong><\/h4>\n<p><img loading=\"lazy\" decoding=\"async\" class=\"alignnone size-medium wp-image-1032\" src=\"http:\/\/guarainag.gob.ec\/azuay\/wp-content\/uploads\/2017\/01\/29541799_1761042230614686_3020345159570930719_n-550x311.jpg\" alt=\"\" width=\"550\" height=\"311\" data-id=\"1032\" srcset=\"https:\/\/guarainag.gob.ec\/azuay\/wp-content\/uploads\/2017\/01\/29541799_1761042230614686_3020345159570930719_n-550x311.jpg 550w, https:\/\/guarainag.gob.ec\/azuay\/wp-content\/uploads\/2017\/01\/29541799_1761042230614686_3020345159570930719_n-768x434.jpg 768w, https:\/\/guarainag.gob.ec\/azuay\/wp-content\/uploads\/2017\/01\/29541799_1761042230614686_3020345159570930719_n.jpg 960w\" sizes=\"auto, (max-width: 550px) 100vw, 550px\" \/> <img loading=\"lazy\" decoding=\"async\" class=\"alignnone size-medium wp-image-1033\" src=\"http:\/\/guarainag.gob.ec\/azuay\/wp-content\/uploads\/2017\/01\/29542362_1761042417281334_8929565254563017414_n-550x311.jpg\" alt=\"\" width=\"550\" height=\"311\" data-id=\"1033\" srcset=\"https:\/\/guarainag.gob.ec\/azuay\/wp-content\/uploads\/2017\/01\/29542362_1761042417281334_8929565254563017414_n-550x311.jpg 550w, https:\/\/guarainag.gob.ec\/azuay\/wp-content\/uploads\/2017\/01\/29542362_1761042417281334_8929565254563017414_n-768x434.jpg 768w, https:\/\/guarainag.gob.ec\/azuay\/wp-content\/uploads\/2017\/01\/29542362_1761042417281334_8929565254563017414_n.jpg 960w\" sizes=\"auto, (max-width: 550px) 100vw, 550px\" \/> <img loading=\"lazy\" decoding=\"async\" class=\"alignnone size-medium wp-image-1034\" src=\"http:\/\/guarainag.gob.ec\/azuay\/wp-content\/uploads\/2017\/01\/29598005_1761042367281339_2698002432929906118_n-550x311.jpg\" alt=\"\" width=\"550\" height=\"311\" data-id=\"1034\" srcset=\"https:\/\/guarainag.gob.ec\/azuay\/wp-content\/uploads\/2017\/01\/29598005_1761042367281339_2698002432929906118_n-550x311.jpg 550w, https:\/\/guarainag.gob.ec\/azuay\/wp-content\/uploads\/2017\/01\/29598005_1761042367281339_2698002432929906118_n-768x434.jpg 768w, https:\/\/guarainag.gob.ec\/azuay\/wp-content\/uploads\/2017\/01\/29598005_1761042367281339_2698002432929906118_n.jpg 960w\" sizes=\"auto, (max-width: 550px) 100vw, 550px\" \/> <img loading=\"lazy\" decoding=\"async\" class=\"alignnone size-medium wp-image-1035\" src=\"http:\/\/guarainag.gob.ec\/azuay\/wp-content\/uploads\/2017\/01\/29572863_1761042300614679_1897614153387370068_n-550x311.jpg\" alt=\"\" width=\"550\" height=\"311\" data-id=\"1035\" srcset=\"https:\/\/guarainag.gob.ec\/azuay\/wp-content\/uploads\/2017\/01\/29572863_1761042300614679_1897614153387370068_n-550x311.jpg 550w, https:\/\/guarainag.gob.ec\/azuay\/wp-content\/uploads\/2017\/01\/29572863_1761042300614679_1897614153387370068_n-768x434.jpg 768w, https:\/\/guarainag.gob.ec\/azuay\/wp-content\/uploads\/2017\/01\/29572863_1761042300614679_1897614153387370068_n.jpg 960w\" sizes=\"auto, (max-width: 550px) 100vw, 550px\" \/><\/p>\n","protected":false},"excerpt":{"rendered":"<p>PROCESO DE RENDICI\u00d3N DE CUENTAS DEL GAD PARROQUIAL DE GUARAINAG A\u00d1O 2017 En cumplimiento de las disposiciones legales, el GAD Parroquial de Guarainag, rinde cuentas de la gesti\u00f3n desarrollada durante el a\u00f1o 2017. Fecha Asamblea de Rendici\u00f3n de Cuentas: 27 de marzo de 2018 Detallamos a continuaci\u00f3n cada una de las fases correspondientes al Proceso [&hellip;]<\/p>\n","protected":false},"author":8,"featured_media":0,"parent":0,"menu_order":0,"comment_status":"closed","ping_status":"closed","template":"","meta":{"footnotes":""},"yst_prominent_words":[],"class_list":["post-522","page","type-page","status-publish","hentry"],"_links":{"self":[{"href":"https:\/\/guarainag.gob.ec\/azuay\/wp-json\/wp\/v2\/pages\/522","targetHints":{"allow":["GET"]}}],"collection":[{"href":"https:\/\/guarainag.gob.ec\/azuay\/wp-json\/wp\/v2\/pages"}],"about":[{"href":"https:\/\/guarainag.gob.ec\/azuay\/wp-json\/wp\/v2\/types\/page"}],"author":[{"embeddable":true,"href":"https:\/\/guarainag.gob.ec\/azuay\/wp-json\/wp\/v2\/users\/8"}],"replies":[{"embeddable":true,"href":"https:\/\/guarainag.gob.ec\/azuay\/wp-json\/wp\/v2\/comments?post=522"}],"version-history":[{"count":8,"href":"https:\/\/guarainag.gob.ec\/azuay\/wp-json\/wp\/v2\/pages\/522\/revisions"}],"predecessor-version":[{"id":1037,"href":"https:\/\/guarainag.gob.ec\/azuay\/wp-json\/wp\/v2\/pages\/522\/revisions\/1037"}],"wp:attachment":[{"href":"https:\/\/guarainag.gob.ec\/azuay\/wp-json\/wp\/v2\/media?parent=522"}],"wp:term":[{"taxonomy":"yst_prominent_words","embeddable":true,"href":"https:\/\/guarainag.gob.ec\/azuay\/wp-json\/wp\/v2\/yst_prominent_words?post=522"}],"curies":[{"name":"wp","href":"https:\/\/api.w.org\/{rel}","templated":true}]}}