{"id":3437,"date":"2025-01-05T18:16:52","date_gmt":"2025-01-05T18:16:52","guid":{"rendered":"https:\/\/guarainag.gob.ec\/azuay\/?page_id=3437"},"modified":"2026-03-18T10:43:34","modified_gmt":"2026-03-18T14:43:34","slug":"rendicion-de-cuentas-2025","status":"publish","type":"page","link":"https:\/\/guarainag.gob.ec\/azuay\/rendicion-de-cuentas-2025\/","title":{"rendered":"Rendici\u00f3n de Cuentas 2025"},"content":{"rendered":"<p><span style=\"font-family: georgia, palatino, serif;\"><strong><span style=\"color: #000000;\">CERTIFICADO DEL CUMPLIMIENTO ANUAL DE LA LOTAIP 2025<\/span><\/strong><\/span><\/p>\n<p><span style=\"font-family: georgia, palatino, serif;\"><a href=\"https:\/\/guarainag.gob.ec\/azuay\/wp-content\/uploads\/2026\/02\/GOBIERNO-AUTONOMO-DESCENTRALIZADO-PARROQUIAL-DE-GUARAINAG-Informe-Anual-2025.pdf\">GOBIERNO AUT\u00d3NOMO DESCENTRALIZADO PARROQUIAL DE GUARAINAG &#8211; Informe Anual 2025<\/a><\/span><\/p>\n<p><span style=\"font-family: georgia, palatino, serif;\"><strong><span style=\"color: #000000;\">FASE 1- PLANIFICACI\u00d3N Y FACILITACI\u00d3N DEL PROCESO DESDE LA ASAMBLEA LOCAL<\/span><\/strong><\/span><\/p>\n<ul>\n<li><span style=\"font-family: georgia, palatino, serif;\"><a href=\"https:\/\/guarainag.gob.ec\/azuay\/wp-content\/uploads\/2026\/03\/RESOLUCION-DELEGACION-INICIO-DEL-PROCESO-RENDICION-DE-CUENTAS-signed.pdf\">RESOLUCION DELEGACION INICIO DEL PROCESO RENDICION DE CUENTAS-signed<\/a><\/span><\/li>\n<li><a href=\"https:\/\/guarainag.gob.ec\/azuay\/wp-content\/uploads\/2026\/03\/PRESUPUESTO-INSTITUCIONAL-2025-1.pdf\">PRESUPUESTO INSTITUCIONAL 2025<\/a><\/li>\n<li><span style=\"font-family: georgia, palatino, serif;\"><a href=\"https:\/\/guarainag.gob.ec\/azuay\/wp-content\/uploads\/2026\/03\/PLAN-OPERATIVO-ANUAL-POA-2025.pdf\">PLAN OPERATIVO ANUAL &#8211; POA 2025<\/a><\/span><\/li>\n<li><span style=\"font-family: georgia, palatino, serif;\"><a href=\"https:\/\/guarainag.gob.ec\/azuay\/wp-content\/uploads\/2026\/03\/PLAN-DE-TRABAJO-DE-LA-MAXIMA-AUTORIDAD.pdf\">PLAN DE TRABAJO DE LA MAXIMA AUTORIDAD ADMINISTRACION 2023-2027<\/a><\/span><\/li>\n<\/ul>\n","protected":false},"excerpt":{"rendered":"<p>CERTIFICADO DEL CUMPLIMIENTO ANUAL DE LA LOTAIP 2025 GOBIERNO AUT\u00d3NOMO DESCENTRALIZADO PARROQUIAL DE GUARAINAG &#8211; Informe Anual 2025 FASE 1- PLANIFICACI\u00d3N Y FACILITACI\u00d3N DEL PROCESO DESDE LA ASAMBLEA LOCAL RESOLUCION DELEGACION INICIO DEL PROCESO RENDICION DE CUENTAS-signed PRESUPUESTO INSTITUCIONAL 2025 PLAN OPERATIVO ANUAL &#8211; POA 2025 PLAN DE TRABAJO DE LA MAXIMA AUTORIDAD ADMINISTRACION 2023-2027<\/p>\n","protected":false},"author":8,"featured_media":0,"parent":0,"menu_order":0,"comment_status":"closed","ping_status":"closed","template":"","meta":{"footnotes":""},"yst_prominent_words":[],"class_list":["post-3437","page","type-page","status-publish","hentry"],"_links":{"self":[{"href":"https:\/\/guarainag.gob.ec\/azuay\/wp-json\/wp\/v2\/pages\/3437","targetHints":{"allow":["GET"]}}],"collection":[{"href":"https:\/\/guarainag.gob.ec\/azuay\/wp-json\/wp\/v2\/pages"}],"about":[{"href":"https:\/\/guarainag.gob.ec\/azuay\/wp-json\/wp\/v2\/types\/page"}],"author":[{"embeddable":true,"href":"https:\/\/guarainag.gob.ec\/azuay\/wp-json\/wp\/v2\/users\/8"}],"replies":[{"embeddable":true,"href":"https:\/\/guarainag.gob.ec\/azuay\/wp-json\/wp\/v2\/comments?post=3437"}],"version-history":[{"count":6,"href":"https:\/\/guarainag.gob.ec\/azuay\/wp-json\/wp\/v2\/pages\/3437\/revisions"}],"predecessor-version":[{"id":3969,"href":"https:\/\/guarainag.gob.ec\/azuay\/wp-json\/wp\/v2\/pages\/3437\/revisions\/3969"}],"wp:attachment":[{"href":"https:\/\/guarainag.gob.ec\/azuay\/wp-json\/wp\/v2\/media?parent=3437"}],"wp:term":[{"taxonomy":"yst_prominent_words","embeddable":true,"href":"https:\/\/guarainag.gob.ec\/azuay\/wp-json\/wp\/v2\/yst_prominent_words?post=3437"}],"curies":[{"name":"wp","href":"https:\/\/api.w.org\/{rel}","templated":true}]}}