{"id":1887,"date":"2022-01-10T11:12:04","date_gmt":"2022-01-10T15:12:04","guid":{"rendered":"https:\/\/guarainag.gob.ec\/azuay\/?page_id=1887"},"modified":"2024-01-11T15:46:03","modified_gmt":"2024-01-11T19:46:03","slug":"rendicion-de-cuentas-2022","status":"publish","type":"page","link":"https:\/\/guarainag.gob.ec\/azuay\/rendicion-de-cuentas-2022\/","title":{"rendered":"Rendici\u00f3n de Cuentas 2022"},"content":{"rendered":"<p><img loading=\"lazy\" decoding=\"async\" class=\"alignnone size-medium wp-image-2398\" src=\"https:\/\/guarainag.gob.ec\/azuay\/wp-content\/uploads\/2023\/05\/INVITACION-RENDICION-DE-CUENTAS-2022-550x309.jpg\" alt=\"\" width=\"550\" height=\"309\" srcset=\"https:\/\/guarainag.gob.ec\/azuay\/wp-content\/uploads\/2023\/05\/INVITACION-RENDICION-DE-CUENTAS-2022-550x309.jpg 550w, https:\/\/guarainag.gob.ec\/azuay\/wp-content\/uploads\/2023\/05\/INVITACION-RENDICION-DE-CUENTAS-2022-1024x576.jpg 1024w, https:\/\/guarainag.gob.ec\/azuay\/wp-content\/uploads\/2023\/05\/INVITACION-RENDICION-DE-CUENTAS-2022-768x432.jpg 768w, https:\/\/guarainag.gob.ec\/azuay\/wp-content\/uploads\/2023\/05\/INVITACION-RENDICION-DE-CUENTAS-2022.jpg 1280w\" sizes=\"auto, (max-width: 550px) 100vw, 550px\" \/><\/p>\n<p>&nbsp;<\/p>\n<p><strong>RENDICI\u00d3N DE CUENTAS A\u00d1O<span style=\"font-size: 14pt;\"> 2022<\/span><\/strong><\/p>\n<h3>Organizaci\u00f3n interna institucional del proceso de rendici\u00f3n de cuentas<\/h3>\n<p><a href=\"https:\/\/guarainag.gob.ec\/azuay\/wp-content\/uploads\/2023\/05\/MEMORANDO.pdf\">MEMORANDO<\/a><\/p>\n<p><a href=\"https:\/\/guarainag.gob.ec\/azuay\/wp-content\/uploads\/2023\/05\/CONVOCATORIA-CONSEJO-PLANIFICACION.pdf\">CONVOCATORIA CONSEJO PLANIFICACION<\/a><\/p>\n<p><a href=\"https:\/\/guarainag.gob.ec\/azuay\/wp-content\/uploads\/2023\/05\/ACTA-CONSEJO-DE-PLANIFICACION.pdf\">ACTA CONSEJO DE PLANIFICACION<\/a><\/p>\n<h3>Informaci\u00f3n para\u00a0 consulta ciudadana<\/h3>\n<p><a href=\"https:\/\/guarainag.gob.ec\/azuay\/wp-content\/uploads\/2023\/05\/OFICIO-CONSULTA-CIUDADANA.pdf\">OFICIO CONSULTA CIUDADANA<\/a><\/p>\n<p><a href=\"https:\/\/guarainag.gob.ec\/azuay\/wp-content\/uploads\/2023\/05\/CONSULTA-DE-LA-CIUDADANIA.pdf\">CONSULTA DE LA CIUDADANIA<\/a><\/p>\n<h3>Invitaci\u00f3n Asamblea de Rendici\u00f3n de Cuentas<\/h3>\n<p><a href=\"https:\/\/guarainag.gob.ec\/azuay\/wp-content\/uploads\/2023\/05\/INVITACION-RENDICION-DE-CUENTAS-2022-2.pdf\">INVITACION RENDICION DE CUENTAS 2022<\/a><\/p>\n<h3>Formulario de Rendici\u00f3n de Cuentas 2022<\/h3>\n<p><a href=\"https:\/\/guarainag.gob.ec\/azuay\/wp-content\/uploads\/2023\/07\/Formulario_CPCCS_2022-final.xlsx\">Formulario_CPCCS_2022 final<\/a><\/p>\n<p><a href=\"https:\/\/guarainag.gob.ec\/azuay\/wp-content\/uploads\/2024\/01\/INFORME-DE-RENDICION-DE-CUENTAS-2022-CPCCS.pdf\">INFORME DE RENDICION DE CUENTAS 2022 CPCCS<\/a><\/p>\n<h3>Asamblea de Rendici\u00f3n de Cuentas<\/h3>\n<p><a href=\"https:\/\/guarainag.gob.ec\/azuay\/wp-content\/uploads\/2023\/05\/INFORME-NARRATIVO.pdf\">INFORME NARRATIVO<\/a><\/p>\n<p><a href=\"https:\/\/guarainag.gob.ec\/azuay\/wp-content\/uploads\/2023\/06\/RENDICION-CUENTAS-2022.pdf\">RENDICION DE CUENTAS 2022<\/a><\/p>\n<p><a href=\"https:\/\/guarainag.gob.ec\/azuay\/wp-content\/uploads\/2023\/05\/REGISTRO-DE-ASISTENCIA-RENDICION-CUENTAS.pdf\">REGISTRO DE ASISTENCIA RENDICION CUENTAS<\/a><\/p>\n<p><a href=\"https:\/\/guarainag.gob.ec\/azuay\/wp-content\/uploads\/2023\/05\/ANEXO-FOTOGRAFICO-RENDICION-DE-CUENTAS-PERIODO-2022.pdf\">ANEXO FOTOGRAFICO RENDICION DE CUENTAS PERIODO 2022<\/a><\/p>\n<p><a href=\"https:\/\/guarainag.gob.ec\/azuay\/wp-content\/uploads\/2023\/06\/SUGERENCIAS-RECOMENDACIONES-DE-LA-CIUDADANIA.pdf\">SUGERENCIAS RECOMENDACIONES DE LA CIUDADANIA<\/a><\/p>\n<p><span style=\"font-family: georgia, palatino, serif;\"><strong>Reporte Defensor\u00eda del Pueblo<\/strong><\/span><\/p>\n<p><a href=\"https:\/\/guarainag.gob.ec\/azuay\/wp-content\/uploads\/2023\/03\/certificado.pdf\">certificado<\/a><\/p>\n<p><a href=\"https:\/\/guarainag.gob.ec\/azuay\/wp-content\/uploads\/2023\/03\/certificadoLiteralA.pdf\">certificadoLiteralA<\/a><\/p>\n<p><a href=\"https:\/\/guarainag.gob.ec\/azuay\/wp-content\/uploads\/2023\/03\/certificadoLiteralB.pdf\">certificadoLiteralB<\/a><\/p>\n<p><a href=\"https:\/\/guarainag.gob.ec\/azuay\/wp-content\/uploads\/2023\/03\/certificadoLiteralC.pdf\">certificadoLiteralC<\/a><\/p>\n<h3><\/h3>\n<p>&nbsp;<\/p>\n<h3><\/h3>\n<p>&nbsp;<\/p>\n<h3><\/h3>\n<p>&nbsp;<\/p>\n<h3><\/h3>\n","protected":false},"excerpt":{"rendered":"<p>&nbsp; RENDICI\u00d3N DE CUENTAS A\u00d1O 2022 Organizaci\u00f3n interna institucional del proceso de rendici\u00f3n de cuentas MEMORANDO CONVOCATORIA CONSEJO PLANIFICACION ACTA CONSEJO DE PLANIFICACION Informaci\u00f3n para\u00a0 consulta ciudadana OFICIO CONSULTA CIUDADANA CONSULTA DE LA CIUDADANIA Invitaci\u00f3n Asamblea de Rendici\u00f3n de Cuentas INVITACION RENDICION DE CUENTAS 2022 Formulario de Rendici\u00f3n de Cuentas 2022 Formulario_CPCCS_2022 final INFORME DE [&hellip;]<\/p>\n","protected":false},"author":8,"featured_media":0,"parent":0,"menu_order":0,"comment_status":"closed","ping_status":"closed","template":"","meta":{"footnotes":""},"yst_prominent_words":[64,66,65,56,55,52],"class_list":["post-1887","page","type-page","status-publish","hentry"],"_links":{"self":[{"href":"https:\/\/guarainag.gob.ec\/azuay\/wp-json\/wp\/v2\/pages\/1887","targetHints":{"allow":["GET"]}}],"collection":[{"href":"https:\/\/guarainag.gob.ec\/azuay\/wp-json\/wp\/v2\/pages"}],"about":[{"href":"https:\/\/guarainag.gob.ec\/azuay\/wp-json\/wp\/v2\/types\/page"}],"author":[{"embeddable":true,"href":"https:\/\/guarainag.gob.ec\/azuay\/wp-json\/wp\/v2\/users\/8"}],"replies":[{"embeddable":true,"href":"https:\/\/guarainag.gob.ec\/azuay\/wp-json\/wp\/v2\/comments?post=1887"}],"version-history":[{"count":11,"href":"https:\/\/guarainag.gob.ec\/azuay\/wp-json\/wp\/v2\/pages\/1887\/revisions"}],"predecessor-version":[{"id":2634,"href":"https:\/\/guarainag.gob.ec\/azuay\/wp-json\/wp\/v2\/pages\/1887\/revisions\/2634"}],"wp:attachment":[{"href":"https:\/\/guarainag.gob.ec\/azuay\/wp-json\/wp\/v2\/media?parent=1887"}],"wp:term":[{"taxonomy":"yst_prominent_words","embeddable":true,"href":"https:\/\/guarainag.gob.ec\/azuay\/wp-json\/wp\/v2\/yst_prominent_words?post=1887"}],"curies":[{"name":"wp","href":"https:\/\/api.w.org\/{rel}","templated":true}]}}