{"id":1452,"date":"2021-01-04T20:46:16","date_gmt":"2021-01-05T00:46:16","guid":{"rendered":"https:\/\/guarainag.gob.ec\/azuay\/?page_id=1452"},"modified":"2022-05-24T11:53:31","modified_gmt":"2022-05-24T15:53:31","slug":"rendicion-de-cuentas-2021","status":"publish","type":"page","link":"https:\/\/guarainag.gob.ec\/azuay\/rendicion-de-cuentas-2021\/","title":{"rendered":"Rendici\u00f3n de Cuentas 2021"},"content":{"rendered":"<h1><span style=\"font-family: 'book antiqua', palatino, serif;\">Proceso de Rendici\u00f3n de Cuentas<\/span><\/h1>\n<p><img loading=\"lazy\" decoding=\"async\" class=\"alignnone wp-image-2173\" src=\"https:\/\/guarainag.gob.ec\/azuay\/wp-content\/uploads\/2022\/05\/Copia-de-Menta-Verde-y-Blanco-Floral-Buena-Suerte-Tarjeta-1-550x390.jpg\" alt=\"INVITACI\u00d3N\" width=\"443\" height=\"314\" srcset=\"https:\/\/guarainag.gob.ec\/azuay\/wp-content\/uploads\/2022\/05\/Copia-de-Menta-Verde-y-Blanco-Floral-Buena-Suerte-Tarjeta-1-550x390.jpg 550w, https:\/\/guarainag.gob.ec\/azuay\/wp-content\/uploads\/2022\/05\/Copia-de-Menta-Verde-y-Blanco-Floral-Buena-Suerte-Tarjeta-1-1024x726.jpg 1024w, https:\/\/guarainag.gob.ec\/azuay\/wp-content\/uploads\/2022\/05\/Copia-de-Menta-Verde-y-Blanco-Floral-Buena-Suerte-Tarjeta-1-768x545.jpg 768w, https:\/\/guarainag.gob.ec\/azuay\/wp-content\/uploads\/2022\/05\/Copia-de-Menta-Verde-y-Blanco-Floral-Buena-Suerte-Tarjeta-1-1536x1090.jpg 1536w, https:\/\/guarainag.gob.ec\/azuay\/wp-content\/uploads\/2022\/05\/Copia-de-Menta-Verde-y-Blanco-Floral-Buena-Suerte-Tarjeta-1.jpg 1748w\" sizes=\"auto, (max-width: 443px) 100vw, 443px\" \/><\/p>\n<h1>\u00a0 \u00a0 \u00a0 \u00a0 \u00a0 \u00a0 \u00a0 \u00a0A\u00f1o 2021<\/h1>\n<h3>Informaci\u00f3n para\u00a0 consulta ciudadana (Oficio\/firmas recepci\u00f3n\/matriz)<\/h3>\n<p><a href=\"https:\/\/guarainag.gob.ec\/azuay\/wp-content\/uploads\/2022\/05\/1.-Oficio_GAD_matriz.pdf\">Oficio_GAD_matriz<\/a><\/p>\n<p><a href=\"https:\/\/guarainag.gob.ec\/azuay\/wp-content\/uploads\/2022\/05\/1.1.-Matriz_consulta_ciudadana.pdf\">Matriz_consulta_ciudadana<\/a><\/p>\n<p><a href=\"https:\/\/guarainag.gob.ec\/azuay\/wp-content\/uploads\/2022\/05\/2.-Aportes_cuidadania.pdf\">Aportes_cuidadania<\/a><\/p>\n<h3>Invitaci\u00f3n Asamblea de Rendici\u00f3n de Cuentas\u00a0 (Oficio\/firmas recepci\u00f3n)<\/h3>\n<p><a href=\"https:\/\/guarainag.gob.ec\/azuay\/wp-content\/uploads\/2022\/05\/Of.051_Invitac_rend_ctas.pdf\">Of.051_Invitac_rend_ctas<\/a><\/p>\n<p><a href=\"https:\/\/guarainag.gob.ec\/azuay\/wp-content\/uploads\/2022\/05\/Informe-Narrativo-2021.pdf\">Informe Narrativo 2021<\/a><\/p>\n<h3>Asamblea de Rendici\u00f3n de Cuentas<\/h3>\n<p><strong>Fecha:<\/strong> 29 de abril de 2022<\/p>\n<p><a href=\"https:\/\/guarainag.gob.ec\/azuay\/wp-content\/uploads\/2022\/05\/Asistentes-Rendicion-de-Cuentas.pdf\">Asistentes Rendici\u00f3n de Cuentas<\/a><\/p>\n<p><a href=\"https:\/\/guarainag.gob.ec\/azuay\/wp-content\/uploads\/2022\/05\/PRESENTACION-REND-CUENTAS-2021-final.pdf\">PRESENTACI\u00d3N RENDICI\u00d3N DE CUENTAS 2021<\/a><\/p>\n<h3>Reporte Defensor\u00eda del Pueblo<\/h3>\n<p><a href=\"https:\/\/guarainag.gob.ec\/azuay\/wp-content\/uploads\/2022\/05\/certificado.pdf\">certificado<\/a><\/p>\n<p><a href=\"https:\/\/guarainag.gob.ec\/azuay\/wp-content\/uploads\/2022\/05\/certificadoLiteralA.pdf\">certificadoLiteralA<\/a><\/p>\n<p><a href=\"https:\/\/guarainag.gob.ec\/azuay\/wp-content\/uploads\/2022\/05\/certificadoLiteralB.pdf\">certificadoLiteralB<\/a><\/p>\n<p><a href=\"https:\/\/guarainag.gob.ec\/azuay\/wp-content\/uploads\/2022\/05\/certificadoLiteralC.pdf\">certificadoLiteralC<\/a><\/p>\n","protected":false},"excerpt":{"rendered":"<p>Proceso de Rendici\u00f3n de Cuentas \u00a0 \u00a0 \u00a0 \u00a0 \u00a0 \u00a0 \u00a0 \u00a0A\u00f1o 2021 Informaci\u00f3n para\u00a0 consulta ciudadana (Oficio\/firmas recepci\u00f3n\/matriz) Oficio_GAD_matriz Matriz_consulta_ciudadana Aportes_cuidadania Invitaci\u00f3n Asamblea de Rendici\u00f3n de Cuentas\u00a0 (Oficio\/firmas recepci\u00f3n) Of.051_Invitac_rend_ctas Informe Narrativo 2021 Asamblea de Rendici\u00f3n de Cuentas Fecha: 29 de abril de 2022 Asistentes Rendici\u00f3n de Cuentas PRESENTACI\u00d3N RENDICI\u00d3N DE CUENTAS 2021 [&hellip;]<\/p>\n","protected":false},"author":8,"featured_media":0,"parent":0,"menu_order":0,"comment_status":"closed","ping_status":"closed","template":"","meta":{"footnotes":""},"yst_prominent_words":[64,66,65,56,55,52],"class_list":["post-1452","page","type-page","status-publish","hentry"],"_links":{"self":[{"href":"https:\/\/guarainag.gob.ec\/azuay\/wp-json\/wp\/v2\/pages\/1452","targetHints":{"allow":["GET"]}}],"collection":[{"href":"https:\/\/guarainag.gob.ec\/azuay\/wp-json\/wp\/v2\/pages"}],"about":[{"href":"https:\/\/guarainag.gob.ec\/azuay\/wp-json\/wp\/v2\/types\/page"}],"author":[{"embeddable":true,"href":"https:\/\/guarainag.gob.ec\/azuay\/wp-json\/wp\/v2\/users\/8"}],"replies":[{"embeddable":true,"href":"https:\/\/guarainag.gob.ec\/azuay\/wp-json\/wp\/v2\/comments?post=1452"}],"version-history":[{"count":4,"href":"https:\/\/guarainag.gob.ec\/azuay\/wp-json\/wp\/v2\/pages\/1452\/revisions"}],"predecessor-version":[{"id":2183,"href":"https:\/\/guarainag.gob.ec\/azuay\/wp-json\/wp\/v2\/pages\/1452\/revisions\/2183"}],"wp:attachment":[{"href":"https:\/\/guarainag.gob.ec\/azuay\/wp-json\/wp\/v2\/media?parent=1452"}],"wp:term":[{"taxonomy":"yst_prominent_words","embeddable":true,"href":"https:\/\/guarainag.gob.ec\/azuay\/wp-json\/wp\/v2\/yst_prominent_words?post=1452"}],"curies":[{"name":"wp","href":"https:\/\/api.w.org\/{rel}","templated":true}]}}