{"id":1366,"date":"2020-03-22T16:11:21","date_gmt":"2020-03-22T20:11:21","guid":{"rendered":"http:\/\/guarainag.gob.ec\/azuay\/?page_id=1366"},"modified":"2025-09-26T17:30:05","modified_gmt":"2025-09-26T21:30:05","slug":"pagina-oficial-de-la-parroquia-de-guarainag","status":"publish","type":"page","link":"https:\/\/guarainag.gob.ec\/azuay\/","title":{"rendered":"P\u00e1gina Oficial de la Parroquia de Guarainag"},"content":{"rendered":"[vc_row bg_type=\u00bbbg_color\u00bb bg_color_value=\u00bb#e0feff\u00bb css=\u00bb.vc_custom_1581547090144{padding-top: 0px !important;padding-bottom: 0px !important;}\u00bb][vc_column css=\u00bb.vc_custom_1529671385255{background-position: center !important;background-repeat: no-repeat !important;background-size: cover !important;}\u00bb][vc_row_inner][vc_column_inner]<div id=\"ultimate-heading-65169dff6e531ed4\" class=\"uvc-heading ult-adjust-bottom-margin ultimate-heading-65169dff6e531ed4 uvc-3136 accent-border-color\" data-hspacer=\"line_only\"  data-halign=\"center\" style=\"text-align:center\"><div class=\"uvc-main-heading ult-responsive\"  data-ultimate-target='.uvc-heading.ultimate-heading-65169dff6e531ed4 h2'  data-responsive-json-new='{\"font-size\":\"desktop:26px;\",\"line-height\":\"desktop:36px;\"}' ><h2 style=\"font-weight:normal;margin-bottom:15px;\">EN LINEA<\/h2><\/div><div class=\"uvc-heading-spacer line_only\" style=\"margin-bottom:60px;height:4px;\"><span class=\"uvc-headings-line\" style=\"border-style:solid;border-bottom-width:4px;border-color:#111111;width:100px;\"><\/span><\/div><\/div>[\/vc_column_inner][\/vc_row_inner][vc_row_inner][vc_column_inner width=\u00bb1\/3&#8243;]\n<div class=\"ult-just-icon-wrapper  \"><div class=\"align-icon\" style=\"text-align:center;\">\n<div class=\"aio-icon none \" data-animation=\"swing\" data-animation-delay=\"03\" style=\"color:#006bff;font-size:80px;display:inline-block;\">\n\t<i class=\"Defaults-bar-chart bar-chart-o\"><\/i>\n<\/div><\/div><\/div><div id=\"ultimate-heading-259969dff6e531fee\" class=\"uvc-heading ult-adjust-bottom-margin ultimate-heading-259969dff6e531fee uvc-3264 \" data-hspacer=\"no_spacer\"  data-halign=\"center\" style=\"text-align:center\"><div class=\"uvc-heading-spacer no_spacer\" style=\"top\"><\/div><div class=\"uvc-main-heading ult-responsive\"  data-ultimate-target='.uvc-heading.ultimate-heading-259969dff6e531fee h2'  data-responsive-json-new='{\"font-size\":\"desktop:26px;\",\"line-height\":\"desktop:36px;\"}' ><h2 style=\"font-weight:normal;margin-bottom:5px;\">Rendici\u00f3n de Cuentas<\/h2><\/div><div class=\"uvc-sub-heading ult-responsive\"  data-ultimate-target='.uvc-heading.ultimate-heading-259969dff6e531fee .uvc-sub-heading '  data-responsive-json-new='{\"font-size\":\"\",\"line-height\":\"desktop:28px;\"}'  style=\"font-weight:normal;margin-bottom:20px;\">Obras, Gestiones, trabajos.<\/div><\/div><div class=\" ubtn-ctn-center \"><button type=\"button\" id=\"ubtn-2462\"  class=\"ubtn ult-adjust-bottom-margin ult-responsive ubtn-normal ubtn-fade-bg  ulta-float  ubtn-center   tooltip-69dff6e532014\"  data-hover=\"\" data-border-color=\"\" data-bg=\"#e0e0e0\" data-hover-bg=\"\" data-border-hover=\"\" data-shadow-hover=\"\" data-shadow-click=\"none\" data-shadow=\"\" data-shd-shadow=\"\"  data-ultimate-target='#ubtn-2462'  data-responsive-json-new='{\"font-size\":\"\",\"line-height\":\"\"}'  style=\"font-weight:normal;border:none;background: #e0e0e0;color: #000000;\"><span class=\"ubtn-hover\" style=\"background-color:\"><\/span><span class=\"ubtn-data ubtn-text \" >Descargar<\/span><\/button><\/div>[\/vc_column_inner][vc_column_inner width=\u00bb1\/3&#8243;]\n<div class=\"ult-just-icon-wrapper  \"><div class=\"align-icon\" style=\"text-align:center;\">\n<div class=\"aio-icon none \" data-animation=\"swing\" data-animation-delay=\"03\" style=\"color:#2bc73d;font-size:100px;display:inline-block;\">\n\t<i class=\"Defaults-book\"><\/i>\n<\/div><\/div><\/div><div id=\"ultimate-heading-111669dff6e532064\" class=\"uvc-heading ult-adjust-bottom-margin ultimate-heading-111669dff6e532064 uvc-9433 \" data-hspacer=\"no_spacer\"  data-halign=\"center\" style=\"text-align:center\"><div class=\"uvc-heading-spacer no_spacer\" style=\"top\"><\/div><div class=\"uvc-main-heading ult-responsive\"  data-ultimate-target='.uvc-heading.ultimate-heading-111669dff6e532064 h2'  data-responsive-json-new='{\"font-size\":\"desktop:26px;\",\"line-height\":\"desktop:36px;\"}' ><h2 style=\"font-weight:normal;margin-bottom:5px;\">PDOT<\/h2><\/div><div class=\"uvc-sub-heading ult-responsive\"  data-ultimate-target='.uvc-heading.ultimate-heading-111669dff6e532064 .uvc-sub-heading '  data-responsive-json-new='{\"font-size\":\"\",\"line-height\":\"desktop:28px;\"}'  style=\"font-weight:normal;margin-bottom:20px;\">Bajar el documento del Plan de ordenamiento Territorial.<\/p>\n<p>&nbsp;<\/p>\n<p><a href=\"https:\/\/guarainag.gob.ec\/azuay\/wp-content\/uploads\/2024\/11\/PDOT-ADMINISTRACION-2023-2027.pdf\"><span style=\"font-size: 24pt;\"><strong>PDOT ADMINISTRACI\u00d3N 2023-2027<\/strong><\/span><\/a><\/p>\n<h1><a href=\"https:\/\/guarainag.gob.ec\/azuay\/wp-content\/uploads\/2023\/04\/PDOT-ALINEADO.pdf\">PDOT ALINEADO 2019-2023<\/a><\/h1>\n<\/div><\/div><div class=\" ubtn-ctn-center \"><button type=\"button\" id=\"ubtn-2975\"  class=\"ubtn ult-adjust-bottom-margin ult-responsive ubtn-normal ubtn-fade-bg  ulta-float  ubtn-center   tooltip-69dff6e532080\"  data-hover=\"\" data-border-color=\"\" data-bg=\"#e0e0e0\" data-hover-bg=\"\" data-border-hover=\"\" data-shadow-hover=\"\" data-shadow-click=\"none\" data-shadow=\"\" data-shd-shadow=\"\"  data-ultimate-target='#ubtn-2975'  data-responsive-json-new='{\"font-size\":\"\",\"line-height\":\"\"}'  style=\"font-weight:normal;border:none;background: #e0e0e0;color: #000000;\"><span class=\"ubtn-hover\" style=\"background-color:\"><\/span><span class=\"ubtn-data ubtn-text \" >Descargar<\/span><\/button><\/div>[\/vc_column_inner][vc_column_inner width=\u00bb1\/3&#8243;]\n<div class=\"ult-just-icon-wrapper  \"><div class=\"align-icon\" style=\"text-align:center;\">\n<div class=\"aio-icon none \" data-animation=\"swing\" data-animation-delay=\"03\" style=\"color:#f5f62e;font-size:80px;display:inline-block;\">\n\t<i class=\"Defaults-camera-retro\"><\/i>\n<\/div><\/div><\/div><div id=\"ultimate-heading-446069dff6e5320c3\" class=\"uvc-heading ult-adjust-bottom-margin ultimate-heading-446069dff6e5320c3 uvc-6578 \" data-hspacer=\"no_spacer\"  data-halign=\"center\" style=\"text-align:center\"><div class=\"uvc-heading-spacer no_spacer\" style=\"top\"><\/div><div class=\"uvc-main-heading ult-responsive\"  data-ultimate-target='.uvc-heading.ultimate-heading-446069dff6e5320c3 h2'  data-responsive-json-new='{\"font-size\":\"desktop:26px;\",\"line-height\":\"desktop:36px;\"}' ><h2 style=\"font-weight:normal;margin-bottom:5px;\">Turismo<\/h2><\/div><div class=\"uvc-sub-heading ult-responsive\"  data-ultimate-target='.uvc-heading.ultimate-heading-446069dff6e5320c3 .uvc-sub-heading '  data-responsive-json-new='{\"font-size\":\"\",\"line-height\":\"desktop:28px;\"}'  style=\"font-weight:normal;margin-bottom:20px;\">Conoce sobre los atractivos tur\u00edsticos de nuestra parroquia.<\/div><\/div><div class=\" ubtn-ctn-center \"><button type=\"button\" id=\"ubtn-6393\"  class=\"ubtn ult-adjust-bottom-margin ult-responsive ubtn-normal ubtn-fade-bg  ulta-float  ubtn-center   tooltip-69dff6e5320de\"  data-hover=\"\" data-border-color=\"\" data-bg=\"#e0e0e0\" data-hover-bg=\"\" data-border-hover=\"\" data-shadow-hover=\"\" data-shadow-click=\"none\" data-shadow=\"\" data-shd-shadow=\"\"  data-ultimate-target='#ubtn-6393'  data-responsive-json-new='{\"font-size\":\"\",\"line-height\":\"\"}'  style=\"font-weight:normal;border:none;background: #e0e0e0;color: #000000;\"><span class=\"ubtn-hover\" style=\"background-color:\"><\/span><span class=\"ubtn-data ubtn-text \" >Ir a Turismo<\/span><\/button><\/div>[\/vc_column_inner][\/vc_row_inner][vc_column_inner][\/vc_column_inner][\/vc_column][\/vc_row][vc_row bg_type=\u00bbimage\u00bb parallax_style=\u00bbvcpb-vz-jquery\u00bb bg_image_new=\u00bbid^1391|url^http:\/\/guarainag.gob.ec\/azuay\/wp-content\/uploads\/2020\/03\/23511478_2019727351578879_5316062692824383205_o-e1584911820220.jpg|caption^null|alt^null|title^23511478_2019727351578879_5316062692824383205_o|description^null\u00bb bg_image_repeat=\u00bbno-repeat\u00bb enable_overlay=\u00bbenable_overlay_value\u00bb overlay_color=\u00bbrgba(0,0,0,0.32)\u00bb css=\u00bb.vc_custom_1595466644681{padding-top: 80px !important;padding-bottom: 80px !important;}\u00bb][vc_column]<div id=\"ultimate-heading-603669dff6e532110\" class=\"uvc-heading ult-adjust-bottom-margin ultimate-heading-603669dff6e532110 uvc-9068 accent-border-color\" data-hspacer=\"line_only\"  data-halign=\"center\" style=\"text-align:center\"><div class=\"uvc-main-heading ult-responsive\"  data-ultimate-target='.uvc-heading.ultimate-heading-603669dff6e532110 h2'  data-responsive-json-new='{\"font-size\":\"\",\"line-height\":\"desktop:50px;\"}' ><h2 style=\"font-weight:normal;color:#ffffff;margin-bottom:15px;\">Turismo en Guarainag<\/h2><\/div><div class=\"uvc-heading-spacer line_only\" style=\"margin-bottom:60px;height:4px;\"><span class=\"uvc-headings-line\" style=\"border-style:solid;border-bottom-width:4px;border-color:#edc931;width:100px;\"><\/span><\/div><\/div><div class=\" ubtn-ctn-center \"><a class=\"ubtn-link ult-adjust-bottom-margin ubtn-center ubtn-normal \" href=\"http:\/\/\" ><button type=\"button\" id=\"ubtn-2895\"  class=\"ubtn ult-adjust-bottom-margin ult-responsive ubtn-normal ubtn-fade-bg  ulta-pulse-grow  ubtn-center   tooltip-69dff6e53212e\"  data-hover=\"\" data-border-color=\"#dd9933\" data-bg=\"#e0e0e0\" data-hover-bg=\"\" data-border-hover=\"\" data-shadow-hover=\"\" data-shadow-click=\"none\" data-shadow=\"\" data-shd-shadow=\"\"  data-ultimate-target='#ubtn-2895'  data-responsive-json-new='{\"font-size\":\"\",\"line-height\":\"\"}'  style=\"font-weight:normal;border-radius:3px;border-width:1px;border-color:#dd9933;border-style:solid;background: #e0e0e0;color: #000000;\"><span class=\"ubtn-hover\" style=\"background-color:\"><\/span><span class=\"ubtn-data ubtn-text \" >Ir a Turismo<\/span><\/button><\/a><\/div>[\/vc_column][\/vc_row][vc_row][vc_column]<div id=\"ultimate-heading-728769dff6e53215b\" class=\"uvc-heading ult-adjust-bottom-margin ultimate-heading-728769dff6e53215b uvc-7766 accent-border-color\" data-hspacer=\"line_only\"  data-halign=\"center\" style=\"text-align:center\"><div class=\"uvc-main-heading ult-responsive\"  data-ultimate-target='.uvc-heading.ultimate-heading-728769dff6e53215b h2'  data-responsive-json-new='{\"font-size\":\"desktop:26px;\",\"line-height\":\"desktop:36px;\"}' ><h2 style=\"font-weight:normal;margin-bottom:15px;\">Mensaje del Se\u00f1or Presidente<\/h2><\/div><div class=\"uvc-heading-spacer line_only\" style=\"margin-bottom:60px;height:4px;\"><span class=\"uvc-headings-line\" style=\"border-style:solid;border-bottom-width:4px;border-color:#edc931;width:100px;\"><\/span><\/div><\/div>[vc_row_inner][vc_column_inner width=\u00bb1\/2&#8243;][vc_single_image image=\u00bb1299&#8243; img_size=\u00bb200&#215;300&#8243; alignment=\u00bbcenter\u00bb css_animation=\u00bbfadeInLeft\u00bb]<div id=\"ultimate-heading-994569dff6e532171\" class=\"uvc-heading ult-adjust-bottom-margin ultimate-heading-994569dff6e532171 uvc-9376 \" data-hspacer=\"no_spacer\"  data-halign=\"center\" style=\"text-align:center\"><div class=\"uvc-heading-spacer no_spacer\" style=\"top\"><\/div><div class=\"uvc-sub-heading ult-responsive\"  data-ultimate-target='.uvc-heading.ultimate-heading-994569dff6e532171 .uvc-sub-heading '  data-responsive-json-new='{\"font-size\":\"\",\"line-height\":\"desktop:28px;\"}'  style=\"font-weight:normal;margin-bottom:20px;\">\n<p>Ing. Ronald Luciano Coyago S<\/p>\n<p>Presidente del GAD Parroquial Rural de Guarainag<\/p>\n<\/div><\/div>[\/vc_column_inner][vc_column_inner width=\u00bb2\/4&#8243;][vc_empty_space height=\u00bb80px\u00bb][vc_column_text]\n<p>&nbsp;<\/p>\n<p>Un saludo fraterno a todo mi pueblo de Guarainag, tierra de gente noble y luchadora.<br \/>\nPresidente del GOBIERNO AUTONOMO DESCENTRALIZADO DE LA PARROQUIA GUARAINAG.<br \/>\n[\/vc_column_text][\/vc_column_inner][\/vc_row_inner][\/vc_column][\/vc_row]\n<p style=\"text-align: center;\"><span style=\"font-size: 18pt; color: #99cc00;\"><strong>INSIGNIA REGISTRO DE CATASTRO 2022<\/strong><\/span><\/p>\n<p><img loading=\"lazy\" decoding=\"async\" class=\"size-full wp-image-2462 aligncenter\" src=\"https:\/\/guarainag.gob.ec\/azuay\/wp-content\/uploads\/2023\/07\/WhatsApp-Image-2023-07-20-at-17.27.17.jpeg\" alt=\"\" width=\"445\" height=\"287\" \/><\/p>\n<p><span style=\"font-size: 14pt;\">La Defensor\u00eda del Pueblo, con la finalidad de reconocer a las entidades que se encuentran obligadas a transparentar y garantizar el acceso a la informaci\u00f3n p\u00fablica, nos dio a conocer que el GAD permite contar con la Insignia anual de registro de catastro 2022, que debera ser incorporada en la p\u00e1gina web y las redes sociales. Insignia con la cual se valida que el GAD Parroquial de Guarainag se encuentra registrado en la base de datos del catastro defensorial constante en el aplicativo web \u00abMLOTAIP-Entidades\u00bb.<\/span><\/p>\n<p>&nbsp;<\/p>\n<p style=\"text-align: center;\"><span style=\"font-size: 18pt; color: #ff9900;\"><strong><span style=\"color: #800000;\">CERTIFICADO Y SELLO DE RECONOCIMIENTO INSTITUCIONAL<\/span><\/strong><\/span><\/p>\n<p>\u00a0\u00a0\u00a0\u00a0\u00a0\u00a0\u00a0\u00a0\u00a0\u00a0\u00a0\u00a0\u00a0\u00a0\u00a0\u00a0\u00a0\u00a0\u00a0\u00a0\u00a0\u00a0\u00a0\u00a0\u00a0\u00a0\u00a0\u00a0\u00a0\u00a0\u00a0\u00a0 \u00a0 \u00a0 \u00a0 \u00a0\u00a0\u00a0\u00a0\u00a0 <img loading=\"lazy\" decoding=\"async\" class=\"alignnone size-medium wp-image-2470\" src=\"https:\/\/guarainag.gob.ec\/azuay\/wp-content\/uploads\/2023\/07\/WhatsApp-Image-2023-07-25-at-14.42.16-1-550x388.jpeg\" alt=\"\" width=\"550\" height=\"388\" srcset=\"https:\/\/guarainag.gob.ec\/azuay\/wp-content\/uploads\/2023\/07\/WhatsApp-Image-2023-07-25-at-14.42.16-1-550x388.jpeg 550w, https:\/\/guarainag.gob.ec\/azuay\/wp-content\/uploads\/2023\/07\/WhatsApp-Image-2023-07-25-at-14.42.16-1-1024x723.jpeg 1024w, https:\/\/guarainag.gob.ec\/azuay\/wp-content\/uploads\/2023\/07\/WhatsApp-Image-2023-07-25-at-14.42.16-1-768x542.jpeg 768w, https:\/\/guarainag.gob.ec\/azuay\/wp-content\/uploads\/2023\/07\/WhatsApp-Image-2023-07-25-at-14.42.16-1.jpeg 1280w\" sizes=\"auto, (max-width: 550px) 100vw, 550px\" \/> \u00a0\u00a0\u00a0\u00a0\u00a0\u00a0\u00a0\u00a0\u00a0\u00a0 \u00a0 \u00a0 \u00a0 \u00a0\u00a0\u00a0\u00a0\u00a0 <img loading=\"lazy\" decoding=\"async\" class=\"alignnone size-full wp-image-2468\" src=\"https:\/\/guarainag.gob.ec\/azuay\/wp-content\/uploads\/2023\/07\/WhatsApp-Image-2023-07-25-at-14.42.17.jpeg\" alt=\"\" width=\"250\" height=\"407\" \/><\/p>\n<p><span style=\"font-size: 14pt;\">La Defensoria del Pueblo a trav\u00e9s de la Delegacion Azuay, con la finalidad de reconocer a las entidades por transparentar y garantizar el acceso a la informaci\u00f3n p\u00fablica, confiere la presente <strong>Certificaci\u00f3n<\/strong> por la presentaci\u00f3n del Informe Anual sobre el cumplimiento del derecho de acceso a la informaci\u00f3n p\u00fablica periodo 2022, y el <strong>Sello<\/strong> <strong>Defensorial<\/strong> por el citado cumplimiento para publicaci\u00f3n en un sitio web institucional y para la incorporaci\u00f3n en las redes sociales institucionales.<\/span><\/p>\n<p style=\"text-align: center;\"><strong><span style=\"color: #008000; font-size: 18pt;\">DERECHO DE ACCESO A LA INFORMACI\u00d3N P\u00daBLICA\u00a0<\/span><\/strong><\/p>\n<p>Con el objetivo de fomentar el registro de personas de la sociedad civil en el perfil ciudadano del Portal Nacional de Transparencia, se ha trabajado en una campa\u00f1a de difusi\u00f3n para que puedan ejercer su derecho de acceder a la informaci\u00f3n p\u00fablica, gestionar solicitudes, dar seguimiento al cumplimiento de plazos y fortalecer su participaci\u00f3n en la vigilancia de la gesti\u00f3n p\u00fablica.<\/p>\n<p>\ud83d\udd0d\ud83d\uddc3\ufe0f #TransparenciaDPE | \u00bfYa tienes tu usuario en el #PortalNacionalDeTransparencia? \ud83d\udcfd\ufe0f Ent\u00e9rate c\u00f3mo crear tu usuario \u27a1\ufe0f https:\/\/acortar.link\/7WEgP8 #AccedeInf\u00f3rmateExige<\/p>\n<p>Esta es una forma de difundir c\u00f3mo la ciudadan\u00eda puede ejercer su derecho a solicitar informaci\u00f3n p\u00fablica<\/p>\n<p><img loading=\"lazy\" decoding=\"async\" class=\"alignnone wp-image-3770\" src=\"https:\/\/guarainag.gob.ec\/azuay\/wp-content\/uploads\/2025\/09\/WhatsApp-Image-2025-09-25-at-12.52.56-550x292.jpeg\" alt=\"\" width=\"664\" height=\"352\" srcset=\"https:\/\/guarainag.gob.ec\/azuay\/wp-content\/uploads\/2025\/09\/WhatsApp-Image-2025-09-25-at-12.52.56-550x292.jpeg 550w, https:\/\/guarainag.gob.ec\/azuay\/wp-content\/uploads\/2025\/09\/WhatsApp-Image-2025-09-25-at-12.52.56-1024x545.jpeg 1024w, https:\/\/guarainag.gob.ec\/azuay\/wp-content\/uploads\/2025\/09\/WhatsApp-Image-2025-09-25-at-12.52.56-768x408.jpeg 768w, https:\/\/guarainag.gob.ec\/azuay\/wp-content\/uploads\/2025\/09\/WhatsApp-Image-2025-09-25-at-12.52.56.jpeg 1070w\" sizes=\"auto, (max-width: 664px) 100vw, 664px\" \/> \u00a0<img loading=\"lazy\" decoding=\"async\" class=\"alignnone wp-image-3772\" src=\"https:\/\/guarainag.gob.ec\/azuay\/wp-content\/uploads\/2025\/09\/WhatsApp-Image-2025-09-25-at-12.51.212-550x550.jpeg\" alt=\"\" width=\"353\" height=\"353\" srcset=\"https:\/\/guarainag.gob.ec\/azuay\/wp-content\/uploads\/2025\/09\/WhatsApp-Image-2025-09-25-at-12.51.212-550x550.jpeg 550w, https:\/\/guarainag.gob.ec\/azuay\/wp-content\/uploads\/2025\/09\/WhatsApp-Image-2025-09-25-at-12.51.212-1024x1024.jpeg 1024w, https:\/\/guarainag.gob.ec\/azuay\/wp-content\/uploads\/2025\/09\/WhatsApp-Image-2025-09-25-at-12.51.212-150x150.jpeg 150w, https:\/\/guarainag.gob.ec\/azuay\/wp-content\/uploads\/2025\/09\/WhatsApp-Image-2025-09-25-at-12.51.212-768x768.jpeg 768w, https:\/\/guarainag.gob.ec\/azuay\/wp-content\/uploads\/2025\/09\/WhatsApp-Image-2025-09-25-at-12.51.212.jpeg 1201w\" sizes=\"auto, (max-width: 353px) 100vw, 353px\" \/> <img loading=\"lazy\" decoding=\"async\" class=\"alignnone wp-image-3773\" src=\"https:\/\/guarainag.gob.ec\/azuay\/wp-content\/uploads\/2025\/09\/WhatsApp-Image-2025-09-25-at-12.51.211-550x550.jpeg\" alt=\"\" width=\"353\" height=\"353\" srcset=\"https:\/\/guarainag.gob.ec\/azuay\/wp-content\/uploads\/2025\/09\/WhatsApp-Image-2025-09-25-at-12.51.211-550x550.jpeg 550w, https:\/\/guarainag.gob.ec\/azuay\/wp-content\/uploads\/2025\/09\/WhatsApp-Image-2025-09-25-at-12.51.211-1024x1024.jpeg 1024w, https:\/\/guarainag.gob.ec\/azuay\/wp-content\/uploads\/2025\/09\/WhatsApp-Image-2025-09-25-at-12.51.211-150x150.jpeg 150w, https:\/\/guarainag.gob.ec\/azuay\/wp-content\/uploads\/2025\/09\/WhatsApp-Image-2025-09-25-at-12.51.211-768x768.jpeg 768w, https:\/\/guarainag.gob.ec\/azuay\/wp-content\/uploads\/2025\/09\/WhatsApp-Image-2025-09-25-at-12.51.211.jpeg 1201w\" sizes=\"auto, (max-width: 353px) 100vw, 353px\" \/><\/p>\n<p><img loading=\"lazy\" decoding=\"async\" class=\"alignnone wp-image-3774\" src=\"https:\/\/guarainag.gob.ec\/azuay\/wp-content\/uploads\/2025\/09\/WhatsApp-Image-2025-09-25-at-12.51.21-550x550.jpeg\" alt=\"\" width=\"387\" height=\"387\" srcset=\"https:\/\/guarainag.gob.ec\/azuay\/wp-content\/uploads\/2025\/09\/WhatsApp-Image-2025-09-25-at-12.51.21-550x550.jpeg 550w, https:\/\/guarainag.gob.ec\/azuay\/wp-content\/uploads\/2025\/09\/WhatsApp-Image-2025-09-25-at-12.51.21-1024x1024.jpeg 1024w, https:\/\/guarainag.gob.ec\/azuay\/wp-content\/uploads\/2025\/09\/WhatsApp-Image-2025-09-25-at-12.51.21-150x150.jpeg 150w, https:\/\/guarainag.gob.ec\/azuay\/wp-content\/uploads\/2025\/09\/WhatsApp-Image-2025-09-25-at-12.51.21-768x768.jpeg 768w, https:\/\/guarainag.gob.ec\/azuay\/wp-content\/uploads\/2025\/09\/WhatsApp-Image-2025-09-25-at-12.51.21.jpeg 1201w\" sizes=\"auto, (max-width: 387px) 100vw, 387px\" \/> <img loading=\"lazy\" decoding=\"async\" class=\"alignnone wp-image-3775\" src=\"https:\/\/guarainag.gob.ec\/azuay\/wp-content\/uploads\/2025\/09\/WhatsApp-Image-2025-09-25-at-12.51.201-550x550.jpeg\" alt=\"\" width=\"389\" height=\"389\" srcset=\"https:\/\/guarainag.gob.ec\/azuay\/wp-content\/uploads\/2025\/09\/WhatsApp-Image-2025-09-25-at-12.51.201-550x550.jpeg 550w, https:\/\/guarainag.gob.ec\/azuay\/wp-content\/uploads\/2025\/09\/WhatsApp-Image-2025-09-25-at-12.51.201-1024x1024.jpeg 1024w, https:\/\/guarainag.gob.ec\/azuay\/wp-content\/uploads\/2025\/09\/WhatsApp-Image-2025-09-25-at-12.51.201-150x150.jpeg 150w, https:\/\/guarainag.gob.ec\/azuay\/wp-content\/uploads\/2025\/09\/WhatsApp-Image-2025-09-25-at-12.51.201-768x768.jpeg 768w, https:\/\/guarainag.gob.ec\/azuay\/wp-content\/uploads\/2025\/09\/WhatsApp-Image-2025-09-25-at-12.51.201.jpeg 1201w\" sizes=\"auto, (max-width: 389px) 100vw, 389px\" \/> <img loading=\"lazy\" decoding=\"async\" class=\"alignnone wp-image-3776\" src=\"https:\/\/guarainag.gob.ec\/azuay\/wp-content\/uploads\/2025\/09\/WhatsApp-Image-2025-09-25-at-12.51.20-550x550.jpeg\" alt=\"\" width=\"389\" height=\"389\" srcset=\"https:\/\/guarainag.gob.ec\/azuay\/wp-content\/uploads\/2025\/09\/WhatsApp-Image-2025-09-25-at-12.51.20-550x550.jpeg 550w, https:\/\/guarainag.gob.ec\/azuay\/wp-content\/uploads\/2025\/09\/WhatsApp-Image-2025-09-25-at-12.51.20-1024x1024.jpeg 1024w, https:\/\/guarainag.gob.ec\/azuay\/wp-content\/uploads\/2025\/09\/WhatsApp-Image-2025-09-25-at-12.51.20-150x150.jpeg 150w, https:\/\/guarainag.gob.ec\/azuay\/wp-content\/uploads\/2025\/09\/WhatsApp-Image-2025-09-25-at-12.51.20-768x768.jpeg 768w, https:\/\/guarainag.gob.ec\/azuay\/wp-content\/uploads\/2025\/09\/WhatsApp-Image-2025-09-25-at-12.51.20.jpeg 1201w\" sizes=\"auto, (max-width: 389px) 100vw, 389px\" \/><\/p>\n<p>&nbsp;<\/p>\n<p>&nbsp;<\/p>\n<p>&nbsp;<\/p>\n","protected":false},"excerpt":{"rendered":"<p>[vc_row bg_type=\u00bbbg_color\u00bb bg_color_value=\u00bb#e0feff\u00bb css=\u00bb.vc_custom_1581547090144{padding-top: 0px !important;padding-bottom: 0px !important;}\u00bb][vc_column css=\u00bb.vc_custom_1529671385255{background-position: center !important;background-repeat: no-repeat !important;background-size: cover !important;}\u00bb][vc_row_inner][vc_column_inner][\/vc_column_inner][\/vc_row_inner][vc_row_inner][vc_column_inner width=\u00bb1\/3&#8243;] [\/vc_column_inner][vc_column_inner width=\u00bb1\/3&#8243;] [\/vc_column_inner][vc_column_inner width=\u00bb1\/3&#8243;] [\/vc_column_inner][\/vc_row_inner][vc_column_inner][\/vc_column_inner][\/vc_column][\/vc_row][vc_row bg_type=\u00bbimage\u00bb parallax_style=\u00bbvcpb-vz-jquery\u00bb bg_image_new=\u00bbid^1391|url^http:\/\/guarainag.gob.ec\/azuay\/wp-content\/uploads\/2020\/03\/23511478_2019727351578879_5316062692824383205_o-e1584911820220.jpg|caption^null|alt^null|title^23511478_2019727351578879_5316062692824383205_o|description^null\u00bb bg_image_repeat=\u00bbno-repeat\u00bb enable_overlay=\u00bbenable_overlay_value\u00bb overlay_color=\u00bbrgba(0,0,0,0.32)\u00bb css=\u00bb.vc_custom_1595466644681{padding-top: 80px !important;padding-bottom: 80px !important;}\u00bb][vc_column][\/vc_column][\/vc_row][vc_row][vc_column][vc_row_inner][vc_column_inner width=\u00bb1\/2&#8243;][vc_single_image image=\u00bb1299&#8243; img_size=\u00bb200&#215;300&#8243; alignment=\u00bbcenter\u00bb css_animation=\u00bbfadeInLeft\u00bb][\/vc_column_inner][vc_column_inner width=\u00bb2\/4&#8243;][vc_empty_space height=\u00bb80px\u00bb][vc_column_text] &nbsp; Un saludo fraterno a todo mi pueblo de Guarainag, tierra de gente noble y luchadora. [&hellip;]<\/p>\n","protected":false},"author":8,"featured_media":1534,"parent":0,"menu_order":0,"comment_status":"closed","ping_status":"closed","template":"","meta":{"footnotes":""},"yst_prominent_words":[],"class_list":["post-1366","page","type-page","status-publish","has-post-thumbnail","hentry"],"_links":{"self":[{"href":"https:\/\/guarainag.gob.ec\/azuay\/wp-json\/wp\/v2\/pages\/1366","targetHints":{"allow":["GET"]}}],"collection":[{"href":"https:\/\/guarainag.gob.ec\/azuay\/wp-json\/wp\/v2\/pages"}],"about":[{"href":"https:\/\/guarainag.gob.ec\/azuay\/wp-json\/wp\/v2\/types\/page"}],"author":[{"embeddable":true,"href":"https:\/\/guarainag.gob.ec\/azuay\/wp-json\/wp\/v2\/users\/8"}],"replies":[{"embeddable":true,"href":"https:\/\/guarainag.gob.ec\/azuay\/wp-json\/wp\/v2\/comments?post=1366"}],"version-history":[{"count":33,"href":"https:\/\/guarainag.gob.ec\/azuay\/wp-json\/wp\/v2\/pages\/1366\/revisions"}],"predecessor-version":[{"id":3777,"href":"https:\/\/guarainag.gob.ec\/azuay\/wp-json\/wp\/v2\/pages\/1366\/revisions\/3777"}],"wp:featuredmedia":[{"embeddable":true,"href":"https:\/\/guarainag.gob.ec\/azuay\/wp-json\/wp\/v2\/media\/1534"}],"wp:attachment":[{"href":"https:\/\/guarainag.gob.ec\/azuay\/wp-json\/wp\/v2\/media?parent=1366"}],"wp:term":[{"taxonomy":"yst_prominent_words","embeddable":true,"href":"https:\/\/guarainag.gob.ec\/azuay\/wp-json\/wp\/v2\/yst_prominent_words?post=1366"}],"curies":[{"name":"wp","href":"https:\/\/api.w.org\/{rel}","templated":true}]}}